{"id":3291,"date":"2024-01-24T16:06:48","date_gmt":"2024-01-24T16:06:48","guid":{"rendered":"https:\/\/laserratosa.com\/politica-de-privacidad\/"},"modified":"2024-03-15T10:43:26","modified_gmt":"2024-03-15T10:43:26","slug":"politica-de-privacidad","status":"publish","type":"page","link":"https:\/\/laserratosa.com\/es\/politica-de-privacidad\/","title":{"rendered":"Pol\u00edtica de privacidad"},"content":{"rendered":"\t\t<div data-elementor-type=\"wp-page\" data-elementor-id=\"3291\" class=\"elementor elementor-3291 elementor-3\" data-elementor-post-type=\"page\">\n\t\t\t\t\t\t<section class=\"elementor-section elementor-top-section elementor-element elementor-element-e46320b elementor-section-boxed elementor-section-height-default elementor-section-height-default\" data-id=\"e46320b\" data-element_type=\"section\" data-e-type=\"section\" data-settings=\"{&quot;background_background&quot;:&quot;classic&quot;}\">\n\t\t\t\t\t\t\t<div class=\"elementor-background-overlay\"><\/div>\n\t\t\t\t\t\t\t<div class=\"elementor-container elementor-column-gap-default\">\n\t\t\t\t\t<div class=\"elementor-column elementor-col-100 elementor-top-column elementor-element elementor-element-bf89397\" data-id=\"bf89397\" data-element_type=\"column\" data-e-type=\"column\">\n\t\t\t<div class=\"elementor-widget-wrap elementor-element-populated\">\n\t\t\t\t\t\t<section class=\"elementor-section elementor-inner-section elementor-element elementor-element-29b552e elementor-section-full_width elementor-section-height-default elementor-section-height-default\" data-id=\"29b552e\" data-element_type=\"section\" data-e-type=\"section\">\n\t\t\t\t\t\t<div class=\"elementor-container elementor-column-gap-default\">\n\t\t\t\t\t<div class=\"elementor-column elementor-col-50 elementor-inner-column elementor-element elementor-element-46e5c3a\" data-id=\"46e5c3a\" data-element_type=\"column\" data-e-type=\"column\">\n\t\t\t<div class=\"elementor-widget-wrap elementor-element-populated\">\n\t\t\t\t\t\t<div class=\"elementor-element elementor-element-5c72a46 animated-slow elementor-invisible elementor-widget elementor-widget-elementskit-heading\" data-id=\"5c72a46\" data-element_type=\"widget\" data-e-type=\"widget\" data-settings=\"{&quot;_animation&quot;:&quot;bounceInLeft&quot;}\" data-widget_type=\"elementskit-heading.default\">\n\t\t\t\t<div class=\"elementor-widget-container\">\n\t\t\t\t\t<div class=\"ekit-wid-con\" ><div class=\"ekit-heading elementskit-section-title-wraper text_left   ekit_heading_tablet-   ekit_heading_mobile-\"><h1 class=\"ekit-heading--title elementskit-section-title \">Pol\u00edtica de privacidad<\/h1><\/div><\/div>\t\t\t\t<\/div>\n\t\t\t\t<\/div>\n\t\t\t\t\t<\/div>\n\t\t<\/div>\n\t\t\t\t<div class=\"elementor-column elementor-col-50 elementor-inner-column elementor-element elementor-element-a352f97\" data-id=\"a352f97\" data-element_type=\"column\" data-e-type=\"column\">\n\t\t\t<div class=\"elementor-widget-wrap\">\n\t\t\t\t\t\t\t<\/div>\n\t\t<\/div>\n\t\t\t\t\t<\/div>\n\t\t<\/section>\n\t\t\t\t\t<\/div>\n\t\t<\/div>\n\t\t\t\t\t<\/div>\n\t\t<\/section>\n\t\t<div class=\"elementor-element elementor-element-040c7ad e-flex e-con-boxed e-con e-parent\" data-id=\"040c7ad\" data-element_type=\"container\" data-e-type=\"container\">\n\t\t\t\t\t<div class=\"e-con-inner\">\n\t\t\t\t<div class=\"elementor-element elementor-element-45f9e8b elementor-widget elementor-widget-text-editor\" data-id=\"45f9e8b\" data-element_type=\"widget\" data-e-type=\"widget\" data-widget_type=\"text-editor.default\">\n\t\t\t\t<div class=\"elementor-widget-container\">\n\t\t\t\t\t\t\t\t\t<h3><br>Qui\u00e9nes somos<\/h3>\n<p>Texto sugerido: La direcci\u00f3n de nuestra p\u00e1gina web es: http:\/\/laserratosa.com.<\/p>\n<h3>Comentarios<\/h3>\n<p>Texto sugerido: cuando los visitantes dejan comentarios en el sitio, recogemos los datos que se muestran en el formulario de comentarios, as\u00ed como la direcci\u00f3n IP del visitante y la cadena de agente de usuario del navegador para ayudar a la detecci\u00f3n de spam.<\/p>\n<p>Se puede proporcionar una cadena an\u00f3nima creada a partir de su direcci\u00f3n de correo electr\u00f3nico (tambi\u00e9n llamada hash) en el servicio Gravatar para ver si la est\u00e1s utilizando. La pol\u00edtica de privacidad del servicio Gravatar est\u00e1 disponible aqu\u00ed: https:\/\/automattic.com\/privacy\/. Despu\u00e9s de la aprobaci\u00f3n de tu comentario, su foto de perfil es visible para el p\u00fablico en el contexto de tu comentario.<\/p>\n<h3>Medios de comunicaci\u00f3n<\/h3>\n<p>Texto sugerido: si colga im\u00e1genes en el sitio web, debe evitar colgar im\u00e1genes con datos de ubicaci\u00f3n incrustados (EXIF GPS) incluidos. Los visitantes del sitio web pueden descargar y extraer cualquier dato de ubicaci\u00f3n de las im\u00e1genes del sitio web.<\/p>\n<h3>Cookies<\/h3>\n<p>Texto sugerido: Si deja un comentario en nuestro sitio, puede optar por guardar su nombre, direcci\u00f3n de correo electr\u00f3nico y sitio web en las cookies. \u00c9stas son para tu comodidad para que no tengas que rellenar tus datos de nuevo cuando dejes otro comentario. Estas galletas durar\u00e1n un a\u00f1o.<\/p>\n<p>Si visita nuestra p\u00e1gina de inicio de sesi\u00f3n, estableceremos una cookie temporal para determinar si su navegador acepta cookies. Esta cookie no contiene datos personales y se descarta al cierre del navegador.<\/p>\n<p>Cuando inicie sesi\u00f3n, tambi\u00e9n configuraremos varias cookies para guardar su informaci\u00f3n de inicio de sesi\u00f3n y sus opciones de visualizaci\u00f3n de la pantalla. Las cookies de inicio de sesi\u00f3n duran dos d\u00edas y las de opciones de pantalla un a\u00f1o. Si selecciona \u00abRecu\u00e9rdame\u00bb, su inicio de sesi\u00f3n se mantendr\u00e1 durante dos semanas. Si cierra la sesi\u00f3n de su cuenta, las cookies de inicio de sesi\u00f3n se eliminar\u00e1n.<\/p>\n<p>Si edita o publica un art\u00edculo, se guardar\u00e1 una cookie adicional en su navegador. Esta cookie no incluye datos personales y simplemente indica el ID de publicaci\u00f3n del art\u00edculo que acaba de editar. Caduca al cabo de 1 d\u00eda.<\/p>\n<h3>Contenido incrustado de otros sitios web<\/h3>\n<p>Texto sugerido: los art\u00edculos de este sitio pueden incluir contenido incrustado (por ejemplo, v\u00eddeos, im\u00e1genes, art\u00edculos, etc.). El contenido incrustado de otros sitios web se comporta exactamente de la misma forma que si el visitante hubiera visitado el otro sitio web.<\/p>\n<p>Estos sitios web pueden recopilar datos sobre usted, utilizar cookies, incrustar seguimiento adicional de terceros y supervisar su interacci\u00f3n con este contenido incrustado, incluido el seguimiento de su interacci\u00f3n con el contenido incrustado si tiene una cuenta y ha iniciado sesi\u00f3n en este sitio web .<\/p>\n<h3>Con quien compartimos tus datos<\/h3>\n<p>Texto sugerido: si solicita un restablecimiento de la contrase\u00f1a, su direcci\u00f3n IP se incluir\u00e1 en el correo electr\u00f3nico de restablecimiento.<\/p>\n<h3>\u00bfCu\u00e1nto tiempo conservamos sus datos<\/h3>\n<p>Texto sugerido: si deja un comentario, el comentario y sus metadatos se conservan indefinidamente. Esto se debe a que podamos reconocer y aprobar cualquier comentario de seguimiento autom\u00e1ticamente en lugar de mantenerlos en una cola de moderaci\u00f3n.<\/p>\n<p>Para los usuarios que se registran en nuestro sitio web (si los hubiere), tambi\u00e9n almacenamos la informaci\u00f3n personal que proporcionan a su perfil de usuario. Todos los usuarios pueden ver, editar o suprimir su informaci\u00f3n personal en cualquier momento (salvo que no pueden cambiar su nombre de usuario). Los administradores del sitio web tambi\u00e9n pueden ver y editar esta informaci\u00f3n.<\/p>\n<h3>Qu\u00e9 derechos tienes sobre tus datos<\/h3>\n<p>Texto sugerido: si tiene una cuenta en este sitio o ha dejado comentarios, puede solicitar recibir un archivo exportado de los datos personales que tenemos sobre usted, incluidos los datos que nos haya proporcionado. Tambi\u00e9n puede solicitar que borremos los datos personales que tenemos sobre usted. Esto no incluye ning\u00fan dato que estamos obligados a conservar con fines administrativos, legales o de seguridad.<\/p>\n<h3>Donde se env\u00edan tus datos<\/h3>Texto sugerido: los comentarios de los visitantes se pueden comprobar mediante un servicio automatizado de detecci\u00f3n de spam.\t\t\t\t\t\t\t\t<\/div>\n\t\t\t\t<\/div>\n\t\t\t\t\t<\/div>\n\t\t\t\t<\/div>\n\t\t\t\t<\/div>\n\t\t","protected":false},"excerpt":{"rendered":"<p>Pol\u00edtica de privacidad Qui\u00e9nes somos Texto sugerido: La direcci\u00f3n de nuestra p\u00e1gina web es: http:\/\/laserratosa.com. Comentarios Texto sugerido: cuando los visitantes dejan comentarios en el sitio, recogemos los datos que se muestran en el formulario de comentarios, as\u00ed como la direcci\u00f3n IP del visitante y la cadena de agente de usuario del navegador para ayudar [&hellip;]<\/p>\n","protected":false},"author":1,"featured_media":0,"parent":0,"menu_order":0,"comment_status":"closed","ping_status":"open","template":"elementor_header_footer","meta":{"footnotes":""},"class_list":["post-3291","page","type-page","status-publish","hentry"],"yoast_head":"<!-- This site is optimized with the Yoast SEO plugin v27.5 - https:\/\/yoast.com\/product\/yoast-seo-wordpress\/ -->\n<title>Pol\u00edtica de privacidad - La Serratosa<\/title>\n<meta name=\"robots\" content=\"index, follow, max-snippet:-1, max-image-preview:large, max-video-preview:-1\" \/>\n<link rel=\"canonical\" href=\"https:\/\/laserratosa.com\/es\/politica-de-privacidad\/\" \/>\n<meta property=\"og:locale\" content=\"es_ES\" \/>\n<meta property=\"og:type\" content=\"article\" \/>\n<meta property=\"og:title\" content=\"Pol\u00edtica de privacidad - La Serratosa\" \/>\n<meta property=\"og:description\" content=\"Pol\u00edtica de privacidad Qui\u00e9nes somos Texto sugerido: La direcci\u00f3n de nuestra p\u00e1gina web es: http:\/\/laserratosa.com. Comentarios Texto sugerido: cuando los visitantes dejan comentarios en el sitio, recogemos los datos que se muestran en el formulario de comentarios, as\u00ed como la direcci\u00f3n IP del visitante y la cadena de agente de usuario del navegador para ayudar [&hellip;]\" \/>\n<meta property=\"og:url\" content=\"https:\/\/laserratosa.com\/es\/politica-de-privacidad\/\" \/>\n<meta property=\"og:site_name\" content=\"La Serratosa\" \/>\n<meta property=\"article:modified_time\" content=\"2024-03-15T10:43:26+00:00\" \/>\n<meta name=\"twitter:card\" content=\"summary_large_image\" \/>\n<meta name=\"twitter:label1\" content=\"Tiempo de lectura\" \/>\n\t<meta name=\"twitter:data1\" content=\"4 minutos\" \/>\n<script type=\"application\/ld+json\" class=\"yoast-schema-graph\">{\"@context\":\"https:\\\/\\\/schema.org\",\"@graph\":[{\"@type\":\"WebPage\",\"@id\":\"https:\\\/\\\/laserratosa.com\\\/es\\\/politica-de-privacidad\\\/\",\"url\":\"https:\\\/\\\/laserratosa.com\\\/es\\\/politica-de-privacidad\\\/\",\"name\":\"Pol\u00edtica de privacidad - La Serratosa\",\"isPartOf\":{\"@id\":\"https:\\\/\\\/laserratosa.com\\\/es\\\/#website\"},\"datePublished\":\"2024-01-24T16:06:48+00:00\",\"dateModified\":\"2024-03-15T10:43:26+00:00\",\"breadcrumb\":{\"@id\":\"https:\\\/\\\/laserratosa.com\\\/es\\\/politica-de-privacidad\\\/#breadcrumb\"},\"inLanguage\":\"es\",\"potentialAction\":[{\"@type\":\"ReadAction\",\"target\":[\"https:\\\/\\\/laserratosa.com\\\/es\\\/politica-de-privacidad\\\/\"]}]},{\"@type\":\"BreadcrumbList\",\"@id\":\"https:\\\/\\\/laserratosa.com\\\/es\\\/politica-de-privacidad\\\/#breadcrumb\",\"itemListElement\":[{\"@type\":\"ListItem\",\"position\":1,\"name\":\"Home\",\"item\":\"https:\\\/\\\/laserratosa.com\\\/es\\\/\"},{\"@type\":\"ListItem\",\"position\":2,\"name\":\"Pol\u00edtica de privacidad\"}]},{\"@type\":\"WebSite\",\"@id\":\"https:\\\/\\\/laserratosa.com\\\/es\\\/#website\",\"url\":\"https:\\\/\\\/laserratosa.com\\\/es\\\/\",\"name\":\"La Serratosa\",\"description\":\"\",\"publisher\":{\"@id\":\"https:\\\/\\\/laserratosa.com\\\/es\\\/#organization\"},\"potentialAction\":[{\"@type\":\"SearchAction\",\"target\":{\"@type\":\"EntryPoint\",\"urlTemplate\":\"https:\\\/\\\/laserratosa.com\\\/es\\\/?s={search_term_string}\"},\"query-input\":{\"@type\":\"PropertyValueSpecification\",\"valueRequired\":true,\"valueName\":\"search_term_string\"}}],\"inLanguage\":\"es\"},{\"@type\":\"Organization\",\"@id\":\"https:\\\/\\\/laserratosa.com\\\/es\\\/#organization\",\"name\":\"La Serratosa\",\"url\":\"https:\\\/\\\/laserratosa.com\\\/es\\\/\",\"logo\":{\"@type\":\"ImageObject\",\"inLanguage\":\"es\",\"@id\":\"https:\\\/\\\/laserratosa.com\\\/es\\\/#\\\/schema\\\/logo\\\/image\\\/\",\"url\":\"https:\\\/\\\/laserratosa.com\\\/wp-content\\\/uploads\\\/2024\\\/01\\\/Serratosa.png\",\"contentUrl\":\"https:\\\/\\\/laserratosa.com\\\/wp-content\\\/uploads\\\/2024\\\/01\\\/Serratosa.png\",\"width\":355,\"height\":345,\"caption\":\"La Serratosa\"},\"image\":{\"@id\":\"https:\\\/\\\/laserratosa.com\\\/es\\\/#\\\/schema\\\/logo\\\/image\\\/\"}}]}<\/script>\n<!-- \/ Yoast SEO plugin. -->","yoast_head_json":{"title":"Pol\u00edtica de privacidad - La Serratosa","robots":{"index":"index","follow":"follow","max-snippet":"max-snippet:-1","max-image-preview":"max-image-preview:large","max-video-preview":"max-video-preview:-1"},"canonical":"https:\/\/laserratosa.com\/es\/politica-de-privacidad\/","og_locale":"es_ES","og_type":"article","og_title":"Pol\u00edtica de privacidad - La Serratosa","og_description":"Pol\u00edtica de privacidad Qui\u00e9nes somos Texto sugerido: La direcci\u00f3n de nuestra p\u00e1gina web es: http:\/\/laserratosa.com. Comentarios Texto sugerido: cuando los visitantes dejan comentarios en el sitio, recogemos los datos que se muestran en el formulario de comentarios, as\u00ed como la direcci\u00f3n IP del visitante y la cadena de agente de usuario del navegador para ayudar [&hellip;]","og_url":"https:\/\/laserratosa.com\/es\/politica-de-privacidad\/","og_site_name":"La Serratosa","article_modified_time":"2024-03-15T10:43:26+00:00","twitter_card":"summary_large_image","twitter_misc":{"Tiempo de lectura":"4 minutos"},"schema":{"@context":"https:\/\/schema.org","@graph":[{"@type":"WebPage","@id":"https:\/\/laserratosa.com\/es\/politica-de-privacidad\/","url":"https:\/\/laserratosa.com\/es\/politica-de-privacidad\/","name":"Pol\u00edtica de privacidad - La Serratosa","isPartOf":{"@id":"https:\/\/laserratosa.com\/es\/#website"},"datePublished":"2024-01-24T16:06:48+00:00","dateModified":"2024-03-15T10:43:26+00:00","breadcrumb":{"@id":"https:\/\/laserratosa.com\/es\/politica-de-privacidad\/#breadcrumb"},"inLanguage":"es","potentialAction":[{"@type":"ReadAction","target":["https:\/\/laserratosa.com\/es\/politica-de-privacidad\/"]}]},{"@type":"BreadcrumbList","@id":"https:\/\/laserratosa.com\/es\/politica-de-privacidad\/#breadcrumb","itemListElement":[{"@type":"ListItem","position":1,"name":"Home","item":"https:\/\/laserratosa.com\/es\/"},{"@type":"ListItem","position":2,"name":"Pol\u00edtica de privacidad"}]},{"@type":"WebSite","@id":"https:\/\/laserratosa.com\/es\/#website","url":"https:\/\/laserratosa.com\/es\/","name":"La Serratosa","description":"","publisher":{"@id":"https:\/\/laserratosa.com\/es\/#organization"},"potentialAction":[{"@type":"SearchAction","target":{"@type":"EntryPoint","urlTemplate":"https:\/\/laserratosa.com\/es\/?s={search_term_string}"},"query-input":{"@type":"PropertyValueSpecification","valueRequired":true,"valueName":"search_term_string"}}],"inLanguage":"es"},{"@type":"Organization","@id":"https:\/\/laserratosa.com\/es\/#organization","name":"La Serratosa","url":"https:\/\/laserratosa.com\/es\/","logo":{"@type":"ImageObject","inLanguage":"es","@id":"https:\/\/laserratosa.com\/es\/#\/schema\/logo\/image\/","url":"https:\/\/laserratosa.com\/wp-content\/uploads\/2024\/01\/Serratosa.png","contentUrl":"https:\/\/laserratosa.com\/wp-content\/uploads\/2024\/01\/Serratosa.png","width":355,"height":345,"caption":"La Serratosa"},"image":{"@id":"https:\/\/laserratosa.com\/es\/#\/schema\/logo\/image\/"}}]}},"_links":{"self":[{"href":"https:\/\/laserratosa.com\/es\/wp-json\/wp\/v2\/pages\/3291","targetHints":{"allow":["GET"]}}],"collection":[{"href":"https:\/\/laserratosa.com\/es\/wp-json\/wp\/v2\/pages"}],"about":[{"href":"https:\/\/laserratosa.com\/es\/wp-json\/wp\/v2\/types\/page"}],"author":[{"embeddable":true,"href":"https:\/\/laserratosa.com\/es\/wp-json\/wp\/v2\/users\/1"}],"replies":[{"embeddable":true,"href":"https:\/\/laserratosa.com\/es\/wp-json\/wp\/v2\/comments?post=3291"}],"version-history":[{"count":3,"href":"https:\/\/laserratosa.com\/es\/wp-json\/wp\/v2\/pages\/3291\/revisions"}],"predecessor-version":[{"id":3294,"href":"https:\/\/laserratosa.com\/es\/wp-json\/wp\/v2\/pages\/3291\/revisions\/3294"}],"wp:attachment":[{"href":"https:\/\/laserratosa.com\/es\/wp-json\/wp\/v2\/media?parent=3291"}],"curies":[{"name":"wp","href":"https:\/\/api.w.org\/{rel}","templated":true}]}}