{"id":2501,"date":"2024-01-25T06:15:48","date_gmt":"2024-01-25T06:15:48","guid":{"rendered":"https:\/\/laserratosa.com\/cursos-y-talleres\/"},"modified":"2024-06-03T16:42:32","modified_gmt":"2024-06-03T16:42:32","slug":"cursos-y-talleres","status":"publish","type":"page","link":"https:\/\/laserratosa.com\/es\/cursos-y-talleres\/","title":{"rendered":"CURSOS Y TALLERES"},"content":{"rendered":"\t\t<div data-elementor-type=\"wp-page\" data-elementor-id=\"2501\" class=\"elementor elementor-2501 elementor-95\" data-elementor-post-type=\"page\">\n\t\t\t\t<div class=\"elementor-element elementor-element-440716e e-con-full e-flex e-con e-parent\" data-id=\"440716e\" data-element_type=\"container\" data-e-type=\"container\" data-settings=\"{&quot;background_background&quot;:&quot;classic&quot;}\">\n\t\t<div class=\"elementor-element elementor-element-172fbe9 e-con-full e-flex e-con e-child\" data-id=\"172fbe9\" data-element_type=\"container\" data-e-type=\"container\" data-settings=\"{&quot;background_background&quot;:&quot;classic&quot;}\">\n\t\t\t\t<div class=\"elementor-element elementor-element-0c5c484 elementor-widget elementor-widget-heading\" data-id=\"0c5c484\" data-element_type=\"widget\" data-e-type=\"widget\" data-widget_type=\"heading.default\">\n\t\t\t\t<div class=\"elementor-widget-container\">\n\t\t\t\t\t<h1 class=\"elementor-heading-title elementor-size-default\">CURSOS Y TALLERES<br> TALLERS<\/h1>\t\t\t\t<\/div>\n\t\t\t\t<\/div>\n\t\t\t\t<\/div>\n\t\t<div class=\"elementor-element elementor-element-a39ea7c e-con-full e-flex e-con e-child\" data-id=\"a39ea7c\" data-element_type=\"container\" data-e-type=\"container\" data-settings=\"{&quot;background_background&quot;:&quot;classic&quot;}\">\n\t\t\t\t<div class=\"elementor-element elementor-element-54d5ed4 elementor-widget elementor-widget-text-editor\" data-id=\"54d5ed4\" data-element_type=\"widget\" data-e-type=\"widget\" data-widget_type=\"text-editor.default\">\n\t\t\t\t<div class=\"elementor-widget-container\">\n\t\t\t\t\t\t\t\t\t<p><em>Fotograf\u00eda de Cristina Arjonilla<\/em><\/p>\n\t\t\t\t\t\t\t\t<\/div>\n\t\t\t\t<\/div>\n\t\t\t\t<\/div>\n\t\t\t\t<\/div>\n\t\t<div class=\"elementor-element elementor-element-c0ff4de e-flex e-con-boxed e-con e-parent\" data-id=\"c0ff4de\" data-element_type=\"container\" data-e-type=\"container\">\n\t\t\t\t\t<div class=\"e-con-inner\">\n\t\t\t\t<div class=\"elementor-element elementor-element-c59b921 elementor-widget elementor-widget-shortcode\" data-id=\"c59b921\" data-element_type=\"widget\" data-e-type=\"widget\" data-widget_type=\"shortcode.default\">\n\t\t\t\t<div class=\"elementor-widget-container\">\n\t\t\t\t\t\t\t<div class=\"elementor-shortcode\"><div class=\"event_listings\" data-location=\"\" data-keywords=\"\" data-show_filters=\"true\" data-show_pagination=\"true\" data-per_page=\"6\" data-orderby=\"event_start_date\" data-order=\"ASC\" data-datetimes=\"\" data-categories=\"\" data-event_types=\"\" data-ticket_prices=\"\" data-event_online=\"\" >\n<form class=\"wpem-main wpem-form-wrapper wpem-event-filter-wrapper event_filters\" id=\"event_filters\">\n\t<input type=\"hidden\" id=\"wpem_filter_nonce\" name=\"wpem_filter_nonce\" value=\"bd3bffe418\" \/><input type=\"hidden\" name=\"_wp_http_referer\" value=\"\/es\/wp-json\/wp\/v2\/pages\/2501\" \/>\t\t<div class=\"search_events search-form-container\">\n\t\t\t\t<div class=\"wpem-row\">\n\t\t\t<!-- Search by keywords section start -->\n\t\t\t<div class=\"wpem-col\">\n\t\t\t\t<!-- shows default keywords text field  start-->\n\t\t\t\t<div class=\"wpem-form-group\">\n\t\t\t\t\t<label for=\"search_keywords\" class=\"wpem-form-label\">Palabras clave<\/label>\n\t\t\t\t\t<input type=\"text\" name=\"search_keywords\" id=\"search_keywords\" placeholder=\"Palabras clave\" value=\"\" \/>\n\t\t\t\t<\/div>\n\t\t\t\t<!-- shows default keywords text field end -->\n\t\t\t<\/div>\n\t\t\t<!-- Search by keywords section end-->\n\n\t\t\t<!-- Search by location section start -->\n\t\t\t<div class=\"wpem-col\">\n\t\t\t\t<div class=\"wpem-form-group wpem-location-container\">\n\t\t\t\t\t<label for=\"search_location\" class=\"wpem-form-label\">Ubicaci\u00f3n<\/label>\n\t\t\t\t\t<input type=\"text\" name=\"search_location\" id=\"search_location\" placeholder=\"Ubicaci\u00f3n\" value=\"\" \/>\n\t\t\t\t<\/div>\n\t\t\t<\/div>\n\t\t\t<!-- Search by location section end -->\n\n\t\t\t<!-- Search by date section start -->\n\t\t\t\n\t\t\t\t<div class=\"wpem-col\">\n\t\t\t\t\t<div class=\"wpem-form-group\">\n\t\t\t\t\t\t<label for=\"search_datetimes\" class=\"wpem-form-label\">Any dates<\/label>\n\t\t\t\t\t\t<input type=\"text\" name=\"search_datetimes[]\" id=\"search_datetimes\" value='' class=\"event-manager-category-dropdown date_range_picker\">\n\t\t\t\t\t<\/div>\n\t\t\t\t<\/div>\n\t\t\t\t\t\t<!-- Search by date section end -->\n\n\t\t<\/div> <!-- \/row -->\n\t\t<div class=\"wpem-row\">\n\t\t\t<!-- Search by event categories section start -->\n\t\t\t\t\t\t\t<div class=\"wpem-col\">\n\t\t\t\t\t<div class=\"wpem-form-group\">\n\t\t\t\t\t\t<label for=\"search_categories\" class=\"wpem-form-label\">Category<\/label>\n\t\t\t\t\t\t<select name='search_categories[]' id='search_categories' class='event-manager-category-dropdown' multiple='multiple' data-placeholder='Elige una categor\u00eda' data-no_results_text='No results match' data-multiple_text='Choose Categories'>\n\t<option class=\"level-0\" value=\"caridad-y-causas\">Caridad y Causas<\/option>\n\t<option class=\"level-0\" value=\"comunidad-y-cultura\">Comunidad y cultura<\/option>\n\t<option class=\"level-0\" value=\"familia-y-educacion\">Familia y Educaci\u00f3n<\/option>\n<\/select>\n\t\t\t\t\t\t\t\t\t\t\t<\/div>\n\t\t\t\t<\/div>\n\t\t\t\t\t\t<!-- Search by event categories section end -->\n\n\t\t\t<!-- Search by event type section start -->\n\t\t\t\t\t\t<!-- Search by event type section end -->\n\t\t<\/div> <!-- \/row -->\n\n\t\t\n\t<\/div>\n\t<div class=\"showing_applied_filters\"><\/div><\/form>\n<noscript>Your browser does not support JavaScript, or it is disabled. JavaScript must be enabled in order to view listings.<\/noscript><div class=\"wpem-main wpem-event-listings-header\">\r\n    <div class=\"wpem-row\">\r\n        <div class=\"wpem-col wpem-col-12 wpem-col-sm-6 wpem-col-md-6 wpem-col-lg-8\">\r\n            <div class=\"wpem-event-listing-header-title\">\r\n                                    <h2 class=\"wpem-heading-text\">Events<\/h2>\r\n                            <\/div>\r\n        <\/div>\r\n        <div class=\"wpem-col wpem-col-12 wpem-col-sm-6 wpem-col-md-6 wpem-col-lg-4\">\r\n            <div class=\"wpem-event-layout-action-wrapper\">\r\n                <div class=\"wpem-event-layout-action\">\r\n                                                                    <div class=\"wpem-event-layout-icon wpem-event-box-layout\" title=\"Events Box View\" id=\"wpem-event-box-layout\"><i class=\"wpem-icon-stop2\"><\/i><\/div>\r\n                        <div class=\"wpem-event-layout-icon wpem-event-list-layout wpem-active-layout\" title=\"Events List View\" id=\"wpem-event-list-layout\"><i class=\"wpem-icon-menu\"><\/i><\/div>\r\n                                                            <\/div>\r\n            <\/div>\r\n        <\/div>\r\n    <\/div>\r\n<\/div>\r\n\r\n<!-- Event listing view -->\r\n<div class=\"event_listings_main\">\r\n    <div id=\"event-listing-view\" class=\"wpem-main wpem-event-listings event_listings wpem-event-listing-list-view\" data-id=\"all\">\t\t\t\t<div class=\"no_event_listings_found wpem-alert wpem-alert-danger wpem-mb-0\">Actualmente no hay eventos.<\/div>\n\t\t\t<\/div>\n<\/div><\/div><\/div>\n\t\t\t\t\t\t<\/div>\n\t\t\t\t<\/div>\n\t\t\t\t\t<\/div>\n\t\t\t\t<\/div>\n\t\t<div class=\"elementor-element elementor-element-21719b9 e-con-full e-flex e-con e-parent\" data-id=\"21719b9\" data-element_type=\"container\" data-e-type=\"container\" data-settings=\"{&quot;background_background&quot;:&quot;classic&quot;}\">\n\t\t\t\t<div class=\"elementor-element elementor-element-d63ae6d elementor-widget elementor-widget-heading\" data-id=\"d63ae6d\" data-element_type=\"widget\" data-e-type=\"widget\" data-widget_type=\"heading.default\">\n\t\t\t\t<div class=\"elementor-widget-container\">\n\t\t\t\t\t<p class=\"elementor-heading-title elementor-size-default\">M\u00e1s informaci\u00f3n sobre La Serratosa<\/p>\t\t\t\t<\/div>\n\t\t\t\t<\/div>\n\t\t\t\t<div class=\"elementor-element elementor-element-c1122e6 elementor-widget elementor-widget-heading\" data-id=\"c1122e6\" data-element_type=\"widget\" data-e-type=\"widget\" data-widget_type=\"heading.default\">\n\t\t\t\t<div class=\"elementor-widget-container\">\n\t\t\t\t\t<h2 class=\"elementor-heading-title elementor-size-default\">Ponte en contacto con nosotros<\/h2>\t\t\t\t<\/div>\n\t\t\t\t<\/div>\n\t\t\t\t<div class=\"elementor-element elementor-element-a2eb876 elementor-align--mobilecenter elementor-align-center elementor-widget elementor-widget-elementskit-button\" data-id=\"a2eb876\" data-element_type=\"widget\" data-e-type=\"widget\" data-widget_type=\"elementskit-button.default\">\n\t\t\t\t<div class=\"elementor-widget-container\">\n\t\t\t\t\t<div class=\"ekit-wid-con\" >\t\t<div class=\"ekit-btn-wraper\">\n\t\t\t\t\t\t\t<a href=\"https:\/\/laserratosa.com\/es\/contactar\/\" class=\"elementskit-btn  whitespace--normal\" id=\"\">\n\t\t\t\t\tContactar\t\t\t\t<\/a>\n\t\t\t\t\t<\/div>\n        <\/div>\t\t\t\t<\/div>\n\t\t\t\t<\/div>\n\t\t\t\t<\/div>\n\t\t\t\t<\/div>\n\t\t","protected":false},"excerpt":{"rendered":"<p>CURSOS Y TALLERES TALLERES Fotograf\u00eda de Cristina Arjonilla M\u00e1s informaci\u00f3n sobre La Serratosa Ponte en contacto con nosotros Contactar<\/p>\n","protected":false},"author":1,"featured_media":0,"parent":0,"menu_order":0,"comment_status":"closed","ping_status":"closed","template":"elementor_header_footer","meta":{"footnotes":""},"class_list":["post-2501","page","type-page","status-publish","hentry"],"yoast_head":"<!-- This site is optimized with the Yoast SEO plugin v27.5 - https:\/\/yoast.com\/product\/yoast-seo-wordpress\/ -->\n<title>Cursos, talleres y actividades de crecimiento personal | La Serratosa<\/title>\n<meta name=\"description\" content=\"Participa en nuestros cursos y talleres en La Serratosa. Actividades dise\u00f1adas para el crecimiento personal y bienestar emocional en un entorno acogedor.\" \/>\n<meta name=\"robots\" content=\"index, follow, max-snippet:-1, max-image-preview:large, max-video-preview:-1\" \/>\n<link rel=\"canonical\" href=\"https:\/\/laserratosa.com\/es\/cursos-y-talleres\/\" \/>\n<meta property=\"og:locale\" content=\"es_ES\" \/>\n<meta property=\"og:type\" content=\"article\" \/>\n<meta property=\"og:title\" content=\"Cursos, talleres y actividades de crecimiento personal | La Serratosa\" \/>\n<meta property=\"og:description\" content=\"Participa en nuestros cursos y talleres en La Serratosa. Actividades dise\u00f1adas para el crecimiento personal y bienestar emocional en un entorno acogedor.\" \/>\n<meta property=\"og:url\" content=\"https:\/\/laserratosa.com\/es\/cursos-y-talleres\/\" \/>\n<meta property=\"og:site_name\" content=\"La Serratosa\" \/>\n<meta property=\"article:modified_time\" content=\"2024-06-03T16:42:32+00:00\" \/>\n<meta name=\"twitter:card\" content=\"summary_large_image\" \/>\n<meta name=\"twitter:label1\" content=\"Tiempo de lectura\" \/>\n\t<meta name=\"twitter:data1\" content=\"1 minuto\" \/>\n<script type=\"application\/ld+json\" class=\"yoast-schema-graph\">{\"@context\":\"https:\\\/\\\/schema.org\",\"@graph\":[{\"@type\":\"WebPage\",\"@id\":\"https:\\\/\\\/laserratosa.com\\\/es\\\/cursos-y-talleres\\\/\",\"url\":\"https:\\\/\\\/laserratosa.com\\\/es\\\/cursos-y-talleres\\\/\",\"name\":\"Cursos, talleres y actividades de crecimiento personal | La Serratosa\",\"isPartOf\":{\"@id\":\"https:\\\/\\\/laserratosa.com\\\/es\\\/#website\"},\"datePublished\":\"2024-01-25T06:15:48+00:00\",\"dateModified\":\"2024-06-03T16:42:32+00:00\",\"description\":\"Participa en nuestros cursos y talleres en La Serratosa. Actividades dise\u00f1adas para el crecimiento personal y bienestar emocional en un entorno acogedor.\",\"breadcrumb\":{\"@id\":\"https:\\\/\\\/laserratosa.com\\\/es\\\/cursos-y-talleres\\\/#breadcrumb\"},\"inLanguage\":\"es\",\"potentialAction\":[{\"@type\":\"ReadAction\",\"target\":[\"https:\\\/\\\/laserratosa.com\\\/es\\\/cursos-y-talleres\\\/\"]}]},{\"@type\":\"BreadcrumbList\",\"@id\":\"https:\\\/\\\/laserratosa.com\\\/es\\\/cursos-y-talleres\\\/#breadcrumb\",\"itemListElement\":[{\"@type\":\"ListItem\",\"position\":1,\"name\":\"Home\",\"item\":\"https:\\\/\\\/laserratosa.com\\\/es\\\/\"},{\"@type\":\"ListItem\",\"position\":2,\"name\":\"CURSOS Y TALLERES\"}]},{\"@type\":\"WebSite\",\"@id\":\"https:\\\/\\\/laserratosa.com\\\/es\\\/#website\",\"url\":\"https:\\\/\\\/laserratosa.com\\\/es\\\/\",\"name\":\"La Serratosa\",\"description\":\"\",\"publisher\":{\"@id\":\"https:\\\/\\\/laserratosa.com\\\/es\\\/#organization\"},\"potentialAction\":[{\"@type\":\"SearchAction\",\"target\":{\"@type\":\"EntryPoint\",\"urlTemplate\":\"https:\\\/\\\/laserratosa.com\\\/es\\\/?s={search_term_string}\"},\"query-input\":{\"@type\":\"PropertyValueSpecification\",\"valueRequired\":true,\"valueName\":\"search_term_string\"}}],\"inLanguage\":\"es\"},{\"@type\":\"Organization\",\"@id\":\"https:\\\/\\\/laserratosa.com\\\/es\\\/#organization\",\"name\":\"La Serratosa\",\"url\":\"https:\\\/\\\/laserratosa.com\\\/es\\\/\",\"logo\":{\"@type\":\"ImageObject\",\"inLanguage\":\"es\",\"@id\":\"https:\\\/\\\/laserratosa.com\\\/es\\\/#\\\/schema\\\/logo\\\/image\\\/\",\"url\":\"https:\\\/\\\/laserratosa.com\\\/wp-content\\\/uploads\\\/2024\\\/01\\\/Serratosa.png\",\"contentUrl\":\"https:\\\/\\\/laserratosa.com\\\/wp-content\\\/uploads\\\/2024\\\/01\\\/Serratosa.png\",\"width\":355,\"height\":345,\"caption\":\"La Serratosa\"},\"image\":{\"@id\":\"https:\\\/\\\/laserratosa.com\\\/es\\\/#\\\/schema\\\/logo\\\/image\\\/\"}}]}<\/script>\n<!-- \/ Yoast SEO plugin. -->","yoast_head_json":{"title":"Cursos, talleres y actividades de crecimiento personal | La Serratosa","description":"Participa en nuestros cursos y talleres en La Serratosa. Actividades dise\u00f1adas para el crecimiento personal y bienestar emocional en un entorno acogedor.","robots":{"index":"index","follow":"follow","max-snippet":"max-snippet:-1","max-image-preview":"max-image-preview:large","max-video-preview":"max-video-preview:-1"},"canonical":"https:\/\/laserratosa.com\/es\/cursos-y-talleres\/","og_locale":"es_ES","og_type":"article","og_title":"Cursos, talleres y actividades de crecimiento personal | La Serratosa","og_description":"Participa en nuestros cursos y talleres en La Serratosa. Actividades dise\u00f1adas para el crecimiento personal y bienestar emocional en un entorno acogedor.","og_url":"https:\/\/laserratosa.com\/es\/cursos-y-talleres\/","og_site_name":"La Serratosa","article_modified_time":"2024-06-03T16:42:32+00:00","twitter_card":"summary_large_image","twitter_misc":{"Tiempo de lectura":"1 minuto"},"schema":{"@context":"https:\/\/schema.org","@graph":[{"@type":"WebPage","@id":"https:\/\/laserratosa.com\/es\/cursos-y-talleres\/","url":"https:\/\/laserratosa.com\/es\/cursos-y-talleres\/","name":"Cursos, talleres y actividades de crecimiento personal | La Serratosa","isPartOf":{"@id":"https:\/\/laserratosa.com\/es\/#website"},"datePublished":"2024-01-25T06:15:48+00:00","dateModified":"2024-06-03T16:42:32+00:00","description":"Participa en nuestros cursos y talleres en La Serratosa. Actividades dise\u00f1adas para el crecimiento personal y bienestar emocional en un entorno acogedor.","breadcrumb":{"@id":"https:\/\/laserratosa.com\/es\/cursos-y-talleres\/#breadcrumb"},"inLanguage":"es","potentialAction":[{"@type":"ReadAction","target":["https:\/\/laserratosa.com\/es\/cursos-y-talleres\/"]}]},{"@type":"BreadcrumbList","@id":"https:\/\/laserratosa.com\/es\/cursos-y-talleres\/#breadcrumb","itemListElement":[{"@type":"ListItem","position":1,"name":"Home","item":"https:\/\/laserratosa.com\/es\/"},{"@type":"ListItem","position":2,"name":"CURSOS Y TALLERES"}]},{"@type":"WebSite","@id":"https:\/\/laserratosa.com\/es\/#website","url":"https:\/\/laserratosa.com\/es\/","name":"La Serratosa","description":"","publisher":{"@id":"https:\/\/laserratosa.com\/es\/#organization"},"potentialAction":[{"@type":"SearchAction","target":{"@type":"EntryPoint","urlTemplate":"https:\/\/laserratosa.com\/es\/?s={search_term_string}"},"query-input":{"@type":"PropertyValueSpecification","valueRequired":true,"valueName":"search_term_string"}}],"inLanguage":"es"},{"@type":"Organization","@id":"https:\/\/laserratosa.com\/es\/#organization","name":"La Serratosa","url":"https:\/\/laserratosa.com\/es\/","logo":{"@type":"ImageObject","inLanguage":"es","@id":"https:\/\/laserratosa.com\/es\/#\/schema\/logo\/image\/","url":"https:\/\/laserratosa.com\/wp-content\/uploads\/2024\/01\/Serratosa.png","contentUrl":"https:\/\/laserratosa.com\/wp-content\/uploads\/2024\/01\/Serratosa.png","width":355,"height":345,"caption":"La Serratosa"},"image":{"@id":"https:\/\/laserratosa.com\/es\/#\/schema\/logo\/image\/"}}]}},"_links":{"self":[{"href":"https:\/\/laserratosa.com\/es\/wp-json\/wp\/v2\/pages\/2501","targetHints":{"allow":["GET"]}}],"collection":[{"href":"https:\/\/laserratosa.com\/es\/wp-json\/wp\/v2\/pages"}],"about":[{"href":"https:\/\/laserratosa.com\/es\/wp-json\/wp\/v2\/types\/page"}],"author":[{"embeddable":true,"href":"https:\/\/laserratosa.com\/es\/wp-json\/wp\/v2\/users\/1"}],"replies":[{"embeddable":true,"href":"https:\/\/laserratosa.com\/es\/wp-json\/wp\/v2\/comments?post=2501"}],"version-history":[{"count":71,"href":"https:\/\/laserratosa.com\/es\/wp-json\/wp\/v2\/pages\/2501\/revisions"}],"predecessor-version":[{"id":4827,"href":"https:\/\/laserratosa.com\/es\/wp-json\/wp\/v2\/pages\/2501\/revisions\/4827"}],"wp:attachment":[{"href":"https:\/\/laserratosa.com\/es\/wp-json\/wp\/v2\/media?parent=2501"}],"curies":[{"name":"wp","href":"https:\/\/api.w.org\/{rel}","templated":true}]}}