{"id":2396,"date":"2024-01-25T06:14:44","date_gmt":"2024-01-25T06:14:44","guid":{"rendered":"https:\/\/laserratosa.com\/terapia-individual\/"},"modified":"2024-06-03T17:01:30","modified_gmt":"2024-06-03T17:01:30","slug":"terapia-individual","status":"publish","type":"page","link":"https:\/\/laserratosa.com\/es\/terapia-individual\/","title":{"rendered":"TERAPIA INDIVIDUAL"},"content":{"rendered":"\t\t<div data-elementor-type=\"wp-page\" data-elementor-id=\"2396\" class=\"elementor elementor-2396 elementor-83\" data-elementor-post-type=\"page\">\n\t\t\t\t<div class=\"elementor-element elementor-element-f665877 e-con-full e-flex e-con e-parent\" data-id=\"f665877\" data-element_type=\"container\" data-e-type=\"container\" data-settings=\"{&quot;background_background&quot;:&quot;classic&quot;}\">\n\t\t<div class=\"elementor-element elementor-element-1cdbc0b e-con-full e-flex e-con e-child\" data-id=\"1cdbc0b\" data-element_type=\"container\" data-e-type=\"container\" data-settings=\"{&quot;background_background&quot;:&quot;classic&quot;}\">\n\t\t\t\t<div class=\"elementor-element elementor-element-b921ddb elementor-widget elementor-widget-heading\" data-id=\"b921ddb\" data-element_type=\"widget\" data-e-type=\"widget\" data-widget_type=\"heading.default\">\n\t\t\t\t<div class=\"elementor-widget-container\">\n\t\t\t\t\t<h1 class=\"elementor-heading-title elementor-size-default\">TERAPIA<br> INDIVIDUAL<\/h1>\t\t\t\t<\/div>\n\t\t\t\t<\/div>\n\t\t\t\t<div class=\"elementor-element elementor-element-90b0f67 elementor-widget elementor-widget-text-editor\" data-id=\"90b0f67\" data-element_type=\"widget\" data-e-type=\"widget\" data-widget_type=\"text-editor.default\">\n\t\t\t\t<div class=\"elementor-widget-container\">\n\t\t\t\t\t\t\t\t\t<p><span style=\"font-weight: 400;\">Me llamo Josep Maria Casassas Colomer y son ya m\u00e1s de diez a\u00f1os de experiencia acompa\u00f1ando procesos personales. Fusiono la psicolog\u00eda humanista, la psicolog\u00eda som\u00e1tica, el acompa\u00f1amiento al trauma y el desbloqueo corporal. <\/span><\/p>\n\t\t\t\t\t\t\t\t<\/div>\n\t\t\t\t<\/div>\n\t\t\t\t<\/div>\n\t\t<div class=\"elementor-element elementor-element-1c4a903 e-con-full e-flex e-con e-child\" data-id=\"1c4a903\" data-element_type=\"container\" data-e-type=\"container\" data-settings=\"{&quot;background_background&quot;:&quot;classic&quot;}\">\n\t\t\t\t<div class=\"elementor-element elementor-element-5c4efa9 elementor-widget elementor-widget-text-editor\" data-id=\"5c4efa9\" data-element_type=\"widget\" data-e-type=\"widget\" data-widget_type=\"text-editor.default\">\n\t\t\t\t<div class=\"elementor-widget-container\">\n\t\t\t\t\t\t\t\t\t<p><em>Fotograf\u00eda de Cristina Arjonilla<\/em><\/p>\n\t\t\t\t\t\t\t\t<\/div>\n\t\t\t\t<\/div>\n\t\t\t\t<\/div>\n\t\t\t\t<\/div>\n\t\t\t\t<section class=\"elementor-section elementor-top-section elementor-element elementor-element-82f191f elementor-section-full_width elementor-section-height-default elementor-section-height-default\" data-id=\"82f191f\" data-element_type=\"section\" data-e-type=\"section\" data-settings=\"{&quot;background_background&quot;:&quot;classic&quot;}\">\n\t\t\t\t\t\t\t<div class=\"elementor-background-overlay\"><\/div>\n\t\t\t\t\t\t\t<div class=\"elementor-container elementor-column-gap-default\">\n\t\t\t\t\t<div class=\"elementor-column elementor-col-100 elementor-top-column elementor-element elementor-element-4d7e4be\" data-id=\"4d7e4be\" data-element_type=\"column\" data-e-type=\"column\">\n\t\t\t<div class=\"elementor-widget-wrap elementor-element-populated\">\n\t\t\t\t\t\t<div class=\"elementor-element elementor-element-6bbd743 elementor-widget elementor-widget-text-editor\" data-id=\"6bbd743\" data-element_type=\"widget\" data-e-type=\"widget\" data-widget_type=\"text-editor.default\">\n\t\t\t\t<div class=\"elementor-widget-container\">\n\t\t\t\t\t\t\t\t\t<p><em>Fotograf\u00eda de Cristina Arjonilla<\/em><\/p>\n\t\t\t\t\t\t\t\t<\/div>\n\t\t\t\t<\/div>\n\t\t\t\t<div class=\"elementor-element elementor-element-915780b elementor-widget elementor-widget-spacer\" data-id=\"915780b\" data-element_type=\"widget\" data-e-type=\"widget\" data-widget_type=\"spacer.default\">\n\t\t\t\t<div class=\"elementor-widget-container\">\n\t\t\t\t\t\t\t<div class=\"elementor-spacer\">\n\t\t\t<div class=\"elementor-spacer-inner\"><\/div>\n\t\t<\/div>\n\t\t\t\t\t\t<\/div>\n\t\t\t\t<\/div>\n\t\t\t\t\t<\/div>\n\t\t<\/div>\n\t\t\t\t\t<\/div>\n\t\t<\/section>\n\t\t\t\t<section class=\"elementor-section elementor-top-section elementor-element elementor-element-efc4b18 elementor-section-full_width elementor-section-height-default elementor-section-height-default\" data-id=\"efc4b18\" data-element_type=\"section\" data-e-type=\"section\" data-settings=\"{&quot;background_background&quot;:&quot;gradient&quot;}\">\n\t\t\t\t\t\t<div class=\"elementor-container elementor-column-gap-default\">\n\t\t\t\t\t<div class=\"elementor-column elementor-col-100 elementor-top-column elementor-element elementor-element-69ab4d1\" data-id=\"69ab4d1\" data-element_type=\"column\" data-e-type=\"column\">\n\t\t\t<div class=\"elementor-widget-wrap elementor-element-populated\">\n\t\t\t\t<div class=\"elementor-element elementor-element-2e941d5 e-con-full e-flex e-con e-parent\" data-id=\"2e941d5\" data-element_type=\"container\" data-e-type=\"container\" data-settings=\"{&quot;background_background&quot;:&quot;gradient&quot;}\">\n\t\t<div class=\"elementor-element elementor-element-8bd4399 e-con-full e-flex e-con e-child\" data-id=\"8bd4399\" data-element_type=\"container\" data-e-type=\"container\">\n\t\t\t\t<div class=\"elementor-element elementor-element-17b58b6 elementor-widget__width-inherit elementor-widget-divider--view-line elementor-invisible elementor-widget elementor-widget-divider\" data-id=\"17b58b6\" data-element_type=\"widget\" data-e-type=\"widget\" data-settings=\"{&quot;_animation&quot;:&quot;fadeIn&quot;}\" data-widget_type=\"divider.default\">\n\t\t\t\t<div class=\"elementor-widget-container\">\n\t\t\t\t\t\t\t<div class=\"elementor-divider\">\n\t\t\t<span class=\"elementor-divider-separator\">\n\t\t\t\t\t\t<\/span>\n\t\t<\/div>\n\t\t\t\t\t\t<\/div>\n\t\t\t\t<\/div>\n\t\t\t\t<div class=\"elementor-element elementor-element-dd2e888 elementor-widget__width-initial elementor-widget-tablet__width-inherit elementor-widget elementor-widget-heading\" data-id=\"dd2e888\" data-element_type=\"widget\" data-e-type=\"widget\" data-widget_type=\"heading.default\">\n\t\t\t\t<div class=\"elementor-widget-container\">\n\t\t\t\t\t<h2 class=\"elementor-heading-title elementor-size-default\">TERAPIA<br> INDIVIDUAL<\/h2>\t\t\t\t<\/div>\n\t\t\t\t<\/div>\n\t\t\t\t<div class=\"elementor-element elementor-element-0f91d98 elementor-widget__width-initial elementor-widget-tablet__width-inherit elementor-widget elementor-widget-text-editor\" data-id=\"0f91d98\" data-element_type=\"widget\" data-e-type=\"widget\" data-widget_type=\"text-editor.default\">\n\t\t\t\t<div class=\"elementor-widget-container\">\n\t\t\t\t\t\t\t\t\t<p>Son ya m\u00e1s de diez a\u00f1os acompa\u00f1ando a personas en su proceso personal. En mi m\u00e9todo confluyen la psicolog\u00eda humanista (terapia Gestalt), la psicolog\u00eda som\u00e1tica, el trabajo con el trauma y el desbloqueo corporal (Bioenerg\u00e9tica). Con el transcurso de los a\u00f1os he ido alumbrando mis puntos ciegos y afinando en los tempos y en mi autoexigencia, comprendiendo el v\u00ednculo entre cliente y terapeuta y la creaci\u00f3n de un espacio de seguridad como dos elementos clave para el progreso del proceso terap\u00e9utico.&nbsp;<\/p>\n<p><span style=\"font-weight: 400;\">Para m\u00e1s informaci\u00f3n sobre la terapia individual, ll\u00e1mame al: <span style=\"color: #67b8a0;\"><a style=\"color: #67b8a0;\" href=\"tel:629%20527%20779\">629 527 779.<\/a><\/span><\/span><\/p>\t\t\t\t\t\t\t\t<\/div>\n\t\t\t\t<\/div>\n\t\t\t\t<\/div>\n\t\t\t\t<\/div>\n\t\t\t\t\t<\/div>\n\t\t<\/div>\n\t\t\t\t\t<\/div>\n\t\t<\/section>\n\t\t<div class=\"elementor-element elementor-element-2e1cc2d e-con-full e-flex e-con e-parent\" data-id=\"2e1cc2d\" data-element_type=\"container\" data-e-type=\"container\" data-settings=\"{&quot;background_background&quot;:&quot;classic&quot;}\">\n\t\t\t\t<div class=\"elementor-element elementor-element-a52d3ca elementor-widget elementor-widget-heading\" data-id=\"a52d3ca\" data-element_type=\"widget\" data-e-type=\"widget\" data-widget_type=\"heading.default\">\n\t\t\t\t<div class=\"elementor-widget-container\">\n\t\t\t\t\t<p class=\"elementor-heading-title elementor-size-default\">M\u00e1s informaci\u00f3n sobre La Serratosa<\/p>\t\t\t\t<\/div>\n\t\t\t\t<\/div>\n\t\t\t\t<div class=\"elementor-element elementor-element-2494bb5 elementor-widget elementor-widget-heading\" data-id=\"2494bb5\" data-element_type=\"widget\" data-e-type=\"widget\" data-widget_type=\"heading.default\">\n\t\t\t\t<div class=\"elementor-widget-container\">\n\t\t\t\t\t<h2 class=\"elementor-heading-title elementor-size-default\">Ponte en contacto con nosotros<\/h2>\t\t\t\t<\/div>\n\t\t\t\t<\/div>\n\t\t\t\t<div class=\"elementor-element elementor-element-caa3ec9 elementor-align--mobilecenter elementor-align-center elementor-widget elementor-widget-elementskit-button\" data-id=\"caa3ec9\" data-element_type=\"widget\" data-e-type=\"widget\" data-widget_type=\"elementskit-button.default\">\n\t\t\t\t<div class=\"elementor-widget-container\">\n\t\t\t\t\t<div class=\"ekit-wid-con\" >\t\t<div class=\"ekit-btn-wraper\">\n\t\t\t\t\t\t\t<a href=\"https:\/\/laserratosa.com\/es\/contactar\/\" class=\"elementskit-btn  whitespace--normal\" id=\"\">\n\t\t\t\t\tContactar\t\t\t\t<\/a>\n\t\t\t\t\t<\/div>\n        <\/div>\t\t\t\t<\/div>\n\t\t\t\t<\/div>\n\t\t\t\t<\/div>\n\t\t\t\t<\/div>\n\t\t","protected":false},"excerpt":{"rendered":"<p>TERAPIA INDIVIDUAL Me llamo Josep Maria Casassas Colomer y son ya m\u00e1s de diez a\u00f1os de experiencia acompa\u00f1ando procesos personales. Fusiono la psicolog\u00eda humanista, la psicolog\u00eda som\u00e1tica, el acompa\u00f1amiento al trauma y el desbloqueo corporal. Fotograf\u00eda de Cristina Arjonilla Fotograf\u00eda de Cristina Arjonilla TERAPIA INDIVIDUAL Son ya m\u00e1s de diez a\u00f1os acompa\u00f1ando a personas en [&hellip;]<\/p>\n","protected":false},"author":1,"featured_media":0,"parent":0,"menu_order":0,"comment_status":"closed","ping_status":"closed","template":"elementor_header_footer","meta":{"footnotes":""},"class_list":["post-2396","page","type-page","status-publish","hentry"],"yoast_head":"<!-- This site is optimized with the Yoast SEO plugin v27.3 - https:\/\/yoast.com\/product\/yoast-seo-wordpress\/ -->\n<title>Terapia individual y sesiones personalizadas | La Serratosa<\/title>\n<meta name=\"description\" content=\"Ofrecemos terapia individual en La Serratosa con un enfoque personalizado para cada persona. Ven a descubrir un espacio de seguridad y bienestar.\" \/>\n<meta name=\"robots\" content=\"index, follow, max-snippet:-1, max-image-preview:large, max-video-preview:-1\" \/>\n<link rel=\"canonical\" href=\"https:\/\/laserratosa.com\/es\/terapia-individual\/\" \/>\n<meta property=\"og:locale\" content=\"es_ES\" \/>\n<meta property=\"og:type\" content=\"article\" \/>\n<meta property=\"og:title\" content=\"Terapia individual y sesiones personalizadas | La Serratosa\" \/>\n<meta property=\"og:description\" content=\"Ofrecemos terapia individual en La Serratosa con un enfoque personalizado para cada persona. Ven a descubrir un espacio de seguridad y bienestar.\" \/>\n<meta property=\"og:url\" content=\"https:\/\/laserratosa.com\/es\/terapia-individual\/\" \/>\n<meta property=\"og:site_name\" content=\"La Serratosa\" \/>\n<meta property=\"article:modified_time\" content=\"2024-06-03T17:01:30+00:00\" \/>\n<meta name=\"twitter:card\" content=\"summary_large_image\" \/>\n<meta name=\"twitter:label1\" content=\"Tiempo de lectura\" \/>\n\t<meta name=\"twitter:data1\" content=\"1 minuto\" \/>\n<script type=\"application\/ld+json\" class=\"yoast-schema-graph\">{\"@context\":\"https:\\\/\\\/schema.org\",\"@graph\":[{\"@type\":\"WebPage\",\"@id\":\"https:\\\/\\\/laserratosa.com\\\/es\\\/terapia-individual\\\/\",\"url\":\"https:\\\/\\\/laserratosa.com\\\/es\\\/terapia-individual\\\/\",\"name\":\"Terapia individual y sesiones personalizadas | La Serratosa\",\"isPartOf\":{\"@id\":\"https:\\\/\\\/laserratosa.com\\\/es\\\/#website\"},\"datePublished\":\"2024-01-25T06:14:44+00:00\",\"dateModified\":\"2024-06-03T17:01:30+00:00\",\"description\":\"Ofrecemos terapia individual en La Serratosa con un enfoque personalizado para cada persona. Ven a descubrir un espacio de seguridad y bienestar.\",\"breadcrumb\":{\"@id\":\"https:\\\/\\\/laserratosa.com\\\/es\\\/terapia-individual\\\/#breadcrumb\"},\"inLanguage\":\"es\",\"potentialAction\":[{\"@type\":\"ReadAction\",\"target\":[\"https:\\\/\\\/laserratosa.com\\\/es\\\/terapia-individual\\\/\"]}]},{\"@type\":\"BreadcrumbList\",\"@id\":\"https:\\\/\\\/laserratosa.com\\\/es\\\/terapia-individual\\\/#breadcrumb\",\"itemListElement\":[{\"@type\":\"ListItem\",\"position\":1,\"name\":\"Home\",\"item\":\"https:\\\/\\\/laserratosa.com\\\/es\\\/\"},{\"@type\":\"ListItem\",\"position\":2,\"name\":\"TERAPIA INDIVIDUAL\"}]},{\"@type\":\"WebSite\",\"@id\":\"https:\\\/\\\/laserratosa.com\\\/es\\\/#website\",\"url\":\"https:\\\/\\\/laserratosa.com\\\/es\\\/\",\"name\":\"La Serratosa\",\"description\":\"\",\"publisher\":{\"@id\":\"https:\\\/\\\/laserratosa.com\\\/es\\\/#organization\"},\"potentialAction\":[{\"@type\":\"SearchAction\",\"target\":{\"@type\":\"EntryPoint\",\"urlTemplate\":\"https:\\\/\\\/laserratosa.com\\\/es\\\/?s={search_term_string}\"},\"query-input\":{\"@type\":\"PropertyValueSpecification\",\"valueRequired\":true,\"valueName\":\"search_term_string\"}}],\"inLanguage\":\"es\"},{\"@type\":\"Organization\",\"@id\":\"https:\\\/\\\/laserratosa.com\\\/es\\\/#organization\",\"name\":\"La Serratosa\",\"url\":\"https:\\\/\\\/laserratosa.com\\\/es\\\/\",\"logo\":{\"@type\":\"ImageObject\",\"inLanguage\":\"es\",\"@id\":\"https:\\\/\\\/laserratosa.com\\\/es\\\/#\\\/schema\\\/logo\\\/image\\\/\",\"url\":\"https:\\\/\\\/laserratosa.com\\\/wp-content\\\/uploads\\\/2024\\\/01\\\/Serratosa.png\",\"contentUrl\":\"https:\\\/\\\/laserratosa.com\\\/wp-content\\\/uploads\\\/2024\\\/01\\\/Serratosa.png\",\"width\":355,\"height\":345,\"caption\":\"La Serratosa\"},\"image\":{\"@id\":\"https:\\\/\\\/laserratosa.com\\\/es\\\/#\\\/schema\\\/logo\\\/image\\\/\"}}]}<\/script>\n<!-- \/ Yoast SEO plugin. -->","yoast_head_json":{"title":"Terapia individual y sesiones personalizadas | La Serratosa","description":"Ofrecemos terapia individual en La Serratosa con un enfoque personalizado para cada persona. Ven a descubrir un espacio de seguridad y bienestar.","robots":{"index":"index","follow":"follow","max-snippet":"max-snippet:-1","max-image-preview":"max-image-preview:large","max-video-preview":"max-video-preview:-1"},"canonical":"https:\/\/laserratosa.com\/es\/terapia-individual\/","og_locale":"es_ES","og_type":"article","og_title":"Terapia individual y sesiones personalizadas | La Serratosa","og_description":"Ofrecemos terapia individual en La Serratosa con un enfoque personalizado para cada persona. Ven a descubrir un espacio de seguridad y bienestar.","og_url":"https:\/\/laserratosa.com\/es\/terapia-individual\/","og_site_name":"La Serratosa","article_modified_time":"2024-06-03T17:01:30+00:00","twitter_card":"summary_large_image","twitter_misc":{"Tiempo de lectura":"1 minuto"},"schema":{"@context":"https:\/\/schema.org","@graph":[{"@type":"WebPage","@id":"https:\/\/laserratosa.com\/es\/terapia-individual\/","url":"https:\/\/laserratosa.com\/es\/terapia-individual\/","name":"Terapia individual y sesiones personalizadas | La Serratosa","isPartOf":{"@id":"https:\/\/laserratosa.com\/es\/#website"},"datePublished":"2024-01-25T06:14:44+00:00","dateModified":"2024-06-03T17:01:30+00:00","description":"Ofrecemos terapia individual en La Serratosa con un enfoque personalizado para cada persona. Ven a descubrir un espacio de seguridad y bienestar.","breadcrumb":{"@id":"https:\/\/laserratosa.com\/es\/terapia-individual\/#breadcrumb"},"inLanguage":"es","potentialAction":[{"@type":"ReadAction","target":["https:\/\/laserratosa.com\/es\/terapia-individual\/"]}]},{"@type":"BreadcrumbList","@id":"https:\/\/laserratosa.com\/es\/terapia-individual\/#breadcrumb","itemListElement":[{"@type":"ListItem","position":1,"name":"Home","item":"https:\/\/laserratosa.com\/es\/"},{"@type":"ListItem","position":2,"name":"TERAPIA INDIVIDUAL"}]},{"@type":"WebSite","@id":"https:\/\/laserratosa.com\/es\/#website","url":"https:\/\/laserratosa.com\/es\/","name":"La Serratosa","description":"","publisher":{"@id":"https:\/\/laserratosa.com\/es\/#organization"},"potentialAction":[{"@type":"SearchAction","target":{"@type":"EntryPoint","urlTemplate":"https:\/\/laserratosa.com\/es\/?s={search_term_string}"},"query-input":{"@type":"PropertyValueSpecification","valueRequired":true,"valueName":"search_term_string"}}],"inLanguage":"es"},{"@type":"Organization","@id":"https:\/\/laserratosa.com\/es\/#organization","name":"La Serratosa","url":"https:\/\/laserratosa.com\/es\/","logo":{"@type":"ImageObject","inLanguage":"es","@id":"https:\/\/laserratosa.com\/es\/#\/schema\/logo\/image\/","url":"https:\/\/laserratosa.com\/wp-content\/uploads\/2024\/01\/Serratosa.png","contentUrl":"https:\/\/laserratosa.com\/wp-content\/uploads\/2024\/01\/Serratosa.png","width":355,"height":345,"caption":"La Serratosa"},"image":{"@id":"https:\/\/laserratosa.com\/es\/#\/schema\/logo\/image\/"}}]}},"_links":{"self":[{"href":"https:\/\/laserratosa.com\/es\/wp-json\/wp\/v2\/pages\/2396","targetHints":{"allow":["GET"]}}],"collection":[{"href":"https:\/\/laserratosa.com\/es\/wp-json\/wp\/v2\/pages"}],"about":[{"href":"https:\/\/laserratosa.com\/es\/wp-json\/wp\/v2\/types\/page"}],"author":[{"embeddable":true,"href":"https:\/\/laserratosa.com\/es\/wp-json\/wp\/v2\/users\/1"}],"replies":[{"embeddable":true,"href":"https:\/\/laserratosa.com\/es\/wp-json\/wp\/v2\/comments?post=2396"}],"version-history":[{"count":83,"href":"https:\/\/laserratosa.com\/es\/wp-json\/wp\/v2\/pages\/2396\/revisions"}],"predecessor-version":[{"id":4802,"href":"https:\/\/laserratosa.com\/es\/wp-json\/wp\/v2\/pages\/2396\/revisions\/4802"}],"wp:attachment":[{"href":"https:\/\/laserratosa.com\/es\/wp-json\/wp\/v2\/media?parent=2396"}],"curies":[{"name":"wp","href":"https:\/\/api.w.org\/{rel}","templated":true}]}}