{"id":2232,"date":"2024-01-25T06:11:52","date_gmt":"2024-01-25T06:11:52","guid":{"rendered":"https:\/\/laserratosa.com\/sobre-mi\/"},"modified":"2025-04-23T12:47:23","modified_gmt":"2025-04-23T12:47:23","slug":"sobre-mi","status":"publish","type":"page","link":"https:\/\/laserratosa.com\/es\/sobre-mi\/","title":{"rendered":"SOBRE M\u00cd"},"content":{"rendered":"\t\t<div data-elementor-type=\"wp-page\" data-elementor-id=\"2232\" class=\"elementor elementor-2232 elementor-84\" data-elementor-post-type=\"page\">\n\t\t\t\t<div class=\"elementor-element elementor-element-72a4bb13 e-con-full e-flex e-con e-parent\" data-id=\"72a4bb13\" data-element_type=\"container\" data-e-type=\"container\" data-settings=\"{&quot;background_background&quot;:&quot;classic&quot;}\">\n\t\t<div class=\"elementor-element elementor-element-29dee1f7 e-con-full e-flex e-con e-child\" data-id=\"29dee1f7\" data-element_type=\"container\" data-e-type=\"container\" data-settings=\"{&quot;background_background&quot;:&quot;classic&quot;}\">\n\t\t\t\t<div class=\"elementor-element elementor-element-34b1b2e6 elementor-widget elementor-widget-heading\" data-id=\"34b1b2e6\" data-element_type=\"widget\" data-e-type=\"widget\" data-widget_type=\"heading.default\">\n\t\t\t\t<div class=\"elementor-widget-container\">\n\t\t\t\t\t<p class=\"elementor-heading-title elementor-size-default\">Cree en ti mismo<\/p>\t\t\t\t<\/div>\n\t\t\t\t<\/div>\n\t\t\t\t<div class=\"elementor-element elementor-element-1dc25d2b elementor-widget elementor-widget-heading\" data-id=\"1dc25d2b\" data-element_type=\"widget\" data-e-type=\"widget\" data-widget_type=\"heading.default\">\n\t\t\t\t<div class=\"elementor-widget-container\">\n\t\t\t\t\t<h1 class=\"elementor-heading-title elementor-size-default\">SOBRE M\u00cd<\/h1>\t\t\t\t<\/div>\n\t\t\t\t<\/div>\n\t\t\t\t<div class=\"elementor-element elementor-element-7f8c8e1c elementor-widget elementor-widget-text-editor\" data-id=\"7f8c8e1c\" data-element_type=\"widget\" data-e-type=\"widget\" data-widget_type=\"text-editor.default\">\n\t\t\t\t<div class=\"elementor-widget-container\">\n\t\t\t\t\t\t\t\t\t<p><em>Me form\u00e9 en psicologia Gestalt (Gestalt Barcelona), Bioenerg\u00e9tica (Estudio de car\u00e1cter) i psicologia som\u00e1tica (Centre de psicoter\u00e0pia som\u00e0tica biointegrativa).<\/em><\/p>\n\t\t\t\t\t\t\t\t<\/div>\n\t\t\t\t<\/div>\n\t\t\t\t<\/div>\n\t\t<div class=\"elementor-element elementor-element-fff9720 e-con-full e-flex e-con e-child\" data-id=\"fff9720\" data-element_type=\"container\" data-e-type=\"container\" data-settings=\"{&quot;background_background&quot;:&quot;classic&quot;}\">\n\t\t\t\t<div class=\"elementor-element elementor-element-77d6a7b elementor-widget elementor-widget-text-editor\" data-id=\"77d6a7b\" data-element_type=\"widget\" data-e-type=\"widget\" data-widget_type=\"text-editor.default\">\n\t\t\t\t<div class=\"elementor-widget-container\">\n\t\t\t\t\t\t\t\t\t<p><em>Fotograf\u00eda de Cristina Arjonilla<\/em><\/p>\n\t\t\t\t\t\t\t\t<\/div>\n\t\t\t\t<\/div>\n\t\t\t\t<\/div>\n\t\t\t\t<\/div>\n\t\t\t\t<section class=\"elementor-section elementor-top-section elementor-element elementor-element-87edd12 elementor-section-full_width elementor-section-height-default elementor-section-height-default\" data-id=\"87edd12\" data-element_type=\"section\" data-e-type=\"section\" data-settings=\"{&quot;background_background&quot;:&quot;classic&quot;}\">\n\t\t\t\t\t\t<div class=\"elementor-container elementor-column-gap-default\">\n\t\t\t\t\t<div class=\"elementor-column elementor-col-100 elementor-top-column elementor-element elementor-element-62bc294\" data-id=\"62bc294\" data-element_type=\"column\" data-e-type=\"column\">\n\t\t\t<div class=\"elementor-widget-wrap elementor-element-populated\">\n\t\t\t\t\t\t<div class=\"elementor-element elementor-element-70e2d7c elementor-widget elementor-widget-text-editor\" data-id=\"70e2d7c\" data-element_type=\"widget\" data-e-type=\"widget\" data-widget_type=\"text-editor.default\">\n\t\t\t\t<div class=\"elementor-widget-container\">\n\t\t\t\t\t\t\t\t\t<p><em>Fotograf\u00eda de Cristina Arjonilla<\/em><\/p>\n\t\t\t\t\t\t\t\t<\/div>\n\t\t\t\t<\/div>\n\t\t\t\t<div class=\"elementor-element elementor-element-e4ca205 elementor-widget elementor-widget-spacer\" data-id=\"e4ca205\" data-element_type=\"widget\" data-e-type=\"widget\" data-widget_type=\"spacer.default\">\n\t\t\t\t<div class=\"elementor-widget-container\">\n\t\t\t\t\t\t\t<div class=\"elementor-spacer\">\n\t\t\t<div class=\"elementor-spacer-inner\"><\/div>\n\t\t<\/div>\n\t\t\t\t\t\t<\/div>\n\t\t\t\t<\/div>\n\t\t\t\t\t<\/div>\n\t\t<\/div>\n\t\t\t\t\t<\/div>\n\t\t<\/section>\n\t\t\t\t<section class=\"elementor-section elementor-top-section elementor-element elementor-element-3006ca6 elementor-section-full_width elementor-section-height-default elementor-section-height-default\" data-id=\"3006ca6\" data-element_type=\"section\" data-e-type=\"section\" data-settings=\"{&quot;background_background&quot;:&quot;gradient&quot;}\">\n\t\t\t\t\t\t<div class=\"elementor-container elementor-column-gap-default\">\n\t\t\t\t\t<div class=\"elementor-column elementor-col-100 elementor-top-column elementor-element elementor-element-bea4185\" data-id=\"bea4185\" data-element_type=\"column\" data-e-type=\"column\">\n\t\t\t<div class=\"elementor-widget-wrap elementor-element-populated\">\n\t\t\t\t<div class=\"elementor-element elementor-element-f1606f9 e-con-full e-flex e-con e-parent\" data-id=\"f1606f9\" data-element_type=\"container\" data-e-type=\"container\" data-settings=\"{&quot;background_background&quot;:&quot;gradient&quot;}\">\n\t\t<div class=\"elementor-element elementor-element-3672b0d e-con-full e-flex e-con e-child\" data-id=\"3672b0d\" data-element_type=\"container\" data-e-type=\"container\">\n\t\t\t\t<div class=\"elementor-element elementor-element-b8ef4cf elementor-widget__width-inherit elementor-widget-divider--view-line elementor-invisible elementor-widget elementor-widget-divider\" data-id=\"b8ef4cf\" data-element_type=\"widget\" data-e-type=\"widget\" data-settings=\"{&quot;_animation&quot;:&quot;fadeIn&quot;}\" data-widget_type=\"divider.default\">\n\t\t\t\t<div class=\"elementor-widget-container\">\n\t\t\t\t\t\t\t<div class=\"elementor-divider\">\n\t\t\t<span class=\"elementor-divider-separator\">\n\t\t\t\t\t\t<\/span>\n\t\t<\/div>\n\t\t\t\t\t\t<\/div>\n\t\t\t\t<\/div>\n\t\t\t\t<div class=\"elementor-element elementor-element-c453549 elementor-widget__width-initial elementor-widget-tablet__width-inherit elementor-widget elementor-widget-heading\" data-id=\"c453549\" data-element_type=\"widget\" data-e-type=\"widget\" data-widget_type=\"heading.default\">\n\t\t\t\t<div class=\"elementor-widget-container\">\n\t\t\t\t\t<h2 class=\"elementor-heading-title elementor-size-default\">SOBRE M\u00cd<\/h2>\t\t\t\t<\/div>\n\t\t\t\t<\/div>\n\t\t\t\t<div class=\"elementor-element elementor-element-6c05122 elementor-widget__width-initial elementor-widget-tablet__width-inherit elementor-widget elementor-widget-text-editor\" data-id=\"6c05122\" data-element_type=\"widget\" data-e-type=\"widget\" data-widget_type=\"text-editor.default\">\n\t\t\t\t<div class=\"elementor-widget-container\">\n\t\t\t\t\t\t\t\t\t<p>Fu\u00ed un ni\u00f1o sensible y con mucho miedo. Y necesit\u00e9 unos a\u00f1os para reubicarme y sentir que, lentamente, pod\u00eda ser yo. Fil\u00f3sofo de formaci\u00f3n y docente, trabaj\u00e9 como maestro de primaria y profesor de instituto. Acompa\u00f1ar a ni\u00f1os y ni\u00f1as era algo vocacional y me gustaba, pero sent\u00eda (a\u00fan sin ser consciente de ello) que no era exactamente \u00e9sta la forma como quer\u00eda y sabia hacerlo. Necesit\u00e9 bajar de la cabeza y acercarme a la tierra y empec\u00e9 un proyecto de agricultura ecol\u00f3gica que dur\u00f3 diez a\u00f1os. Paralelamente empec\u00e9 la formaci\u00f3n como terapeuta. En el \u00e1mbito familiar, pas\u00e9 a gestionar la Serratosa y sent\u00ed,&nbsp; poco a poco, que \u00e9ste era mi proyecto de vida, en el que plasmar todo lo aprendido con el paso de los a\u00f1os y mi manera de ayudar a nuestra sociedad, en muchos sentidos disfuncional y enferma.&nbsp;<\/p>\t\t\t\t\t\t\t\t<\/div>\n\t\t\t\t<\/div>\n\t\t\t\t<\/div>\n\t\t\t\t<\/div>\n\t\t\t\t\t<\/div>\n\t\t<\/div>\n\t\t\t\t\t<\/div>\n\t\t<\/section>\n\t\t<div class=\"elementor-element elementor-element-2b376119 e-con-full e-flex e-con e-parent\" data-id=\"2b376119\" data-element_type=\"container\" data-e-type=\"container\" data-settings=\"{&quot;background_background&quot;:&quot;classic&quot;}\">\n\t\t\t\t<div class=\"elementor-element elementor-element-3eb16fc7 elementor-widget elementor-widget-heading\" data-id=\"3eb16fc7\" data-element_type=\"widget\" data-e-type=\"widget\" data-widget_type=\"heading.default\">\n\t\t\t\t<div class=\"elementor-widget-container\">\n\t\t\t\t\t<p class=\"elementor-heading-title elementor-size-default\">M\u00e1s informaci\u00f3n sobre La Serratosa<\/p>\t\t\t\t<\/div>\n\t\t\t\t<\/div>\n\t\t\t\t<div class=\"elementor-element elementor-element-581b51e6 elementor-widget elementor-widget-heading\" data-id=\"581b51e6\" data-element_type=\"widget\" data-e-type=\"widget\" data-widget_type=\"heading.default\">\n\t\t\t\t<div class=\"elementor-widget-container\">\n\t\t\t\t\t<h2 class=\"elementor-heading-title elementor-size-default\">Ponte en contacto con nosotros<\/h2>\t\t\t\t<\/div>\n\t\t\t\t<\/div>\n\t\t\t\t<div class=\"elementor-element elementor-element-9f924ce elementor-align--mobilecenter elementor-align-center elementor-widget elementor-widget-elementskit-button\" data-id=\"9f924ce\" data-element_type=\"widget\" data-e-type=\"widget\" data-widget_type=\"elementskit-button.default\">\n\t\t\t\t<div class=\"elementor-widget-container\">\n\t\t\t\t\t<div class=\"ekit-wid-con\" >\t\t<div class=\"ekit-btn-wraper\">\n\t\t\t\t\t\t\t<a href=\"https:\/\/laserratosa.com\/es\/contactar\/\" class=\"elementskit-btn  whitespace--normal\" id=\"\">\n\t\t\t\t\tContactar\t\t\t\t<\/a>\n\t\t\t\t\t<\/div>\n        <\/div>\t\t\t\t<\/div>\n\t\t\t\t<\/div>\n\t\t\t\t<\/div>\n\t\t\t\t<\/div>\n\t\t","protected":false},"excerpt":{"rendered":"<p>Cree en ti mismo SOBRE M\u00cd Me form\u00e9 en psicologia Gestalt (Gestalt Barcelona), Bioenerg\u00e9tica (Estudio de car\u00e1cter) i psicologia som\u00e1tica (Centre de psicoter\u00e0pia som\u00e0tica biointegrativa). Fotograf\u00eda de Cristina Arjonilla Fotograf\u00eda de Cristina Arjonilla SOBRE M\u00cd Fu\u00ed un ni\u00f1o sensible y con mucho miedo. Y necesit\u00e9 unos a\u00f1os para reubicarme y sentir que, lentamente, pod\u00eda ser [&hellip;]<\/p>\n","protected":false},"author":1,"featured_media":0,"parent":0,"menu_order":0,"comment_status":"closed","ping_status":"closed","template":"elementor_header_footer","meta":{"footnotes":""},"class_list":["post-2232","page","type-page","status-publish","hentry"],"yoast_head":"<!-- This site is optimized with the Yoast SEO plugin v27.4 - https:\/\/yoast.com\/product\/yoast-seo-wordpress\/ -->\n<title>Historia y filosof\u00eda sobre m\u00ed | La Serratosa<\/title>\n<meta name=\"description\" content=\"Soy un fil\u00f3sofo y docente con una vocaci\u00f3n por ayudar. Descubre mi trayectoria personal y profesional, y c\u00f3mo La Serratosa se convirti\u00f3 en mi proyecto de vida.\" \/>\n<meta name=\"robots\" content=\"index, follow, max-snippet:-1, max-image-preview:large, max-video-preview:-1\" \/>\n<link rel=\"canonical\" href=\"https:\/\/laserratosa.com\/es\/sobre-mi\/\" \/>\n<meta property=\"og:locale\" content=\"es_ES\" \/>\n<meta property=\"og:type\" content=\"article\" \/>\n<meta property=\"og:title\" content=\"Historia y filosof\u00eda sobre m\u00ed | La Serratosa\" \/>\n<meta property=\"og:description\" content=\"Soy un fil\u00f3sofo y docente con una vocaci\u00f3n por ayudar. Descubre mi trayectoria personal y profesional, y c\u00f3mo La Serratosa se convirti\u00f3 en mi proyecto de vida.\" \/>\n<meta property=\"og:url\" content=\"https:\/\/laserratosa.com\/es\/sobre-mi\/\" \/>\n<meta property=\"og:site_name\" content=\"La Serratosa\" \/>\n<meta property=\"article:modified_time\" content=\"2025-04-23T12:47:23+00:00\" \/>\n<meta name=\"twitter:card\" content=\"summary_large_image\" \/>\n<meta name=\"twitter:label1\" content=\"Tiempo de lectura\" \/>\n\t<meta name=\"twitter:data1\" content=\"1 minuto\" \/>\n<script type=\"application\/ld+json\" class=\"yoast-schema-graph\">{\"@context\":\"https:\\\/\\\/schema.org\",\"@graph\":[{\"@type\":\"WebPage\",\"@id\":\"https:\\\/\\\/laserratosa.com\\\/es\\\/sobre-mi\\\/\",\"url\":\"https:\\\/\\\/laserratosa.com\\\/es\\\/sobre-mi\\\/\",\"name\":\"Historia y filosof\u00eda sobre m\u00ed | La Serratosa\",\"isPartOf\":{\"@id\":\"https:\\\/\\\/laserratosa.com\\\/es\\\/#website\"},\"datePublished\":\"2024-01-25T06:11:52+00:00\",\"dateModified\":\"2025-04-23T12:47:23+00:00\",\"description\":\"Soy un fil\u00f3sofo y docente con una vocaci\u00f3n por ayudar. Descubre mi trayectoria personal y profesional, y c\u00f3mo La Serratosa se convirti\u00f3 en mi proyecto de vida.\",\"breadcrumb\":{\"@id\":\"https:\\\/\\\/laserratosa.com\\\/es\\\/sobre-mi\\\/#breadcrumb\"},\"inLanguage\":\"es\",\"potentialAction\":[{\"@type\":\"ReadAction\",\"target\":[\"https:\\\/\\\/laserratosa.com\\\/es\\\/sobre-mi\\\/\"]}]},{\"@type\":\"BreadcrumbList\",\"@id\":\"https:\\\/\\\/laserratosa.com\\\/es\\\/sobre-mi\\\/#breadcrumb\",\"itemListElement\":[{\"@type\":\"ListItem\",\"position\":1,\"name\":\"Home\",\"item\":\"https:\\\/\\\/laserratosa.com\\\/es\\\/\"},{\"@type\":\"ListItem\",\"position\":2,\"name\":\"SOBRE M\u00cd\"}]},{\"@type\":\"WebSite\",\"@id\":\"https:\\\/\\\/laserratosa.com\\\/es\\\/#website\",\"url\":\"https:\\\/\\\/laserratosa.com\\\/es\\\/\",\"name\":\"La Serratosa\",\"description\":\"\",\"publisher\":{\"@id\":\"https:\\\/\\\/laserratosa.com\\\/es\\\/#organization\"},\"potentialAction\":[{\"@type\":\"SearchAction\",\"target\":{\"@type\":\"EntryPoint\",\"urlTemplate\":\"https:\\\/\\\/laserratosa.com\\\/es\\\/?s={search_term_string}\"},\"query-input\":{\"@type\":\"PropertyValueSpecification\",\"valueRequired\":true,\"valueName\":\"search_term_string\"}}],\"inLanguage\":\"es\"},{\"@type\":\"Organization\",\"@id\":\"https:\\\/\\\/laserratosa.com\\\/es\\\/#organization\",\"name\":\"La Serratosa\",\"url\":\"https:\\\/\\\/laserratosa.com\\\/es\\\/\",\"logo\":{\"@type\":\"ImageObject\",\"inLanguage\":\"es\",\"@id\":\"https:\\\/\\\/laserratosa.com\\\/es\\\/#\\\/schema\\\/logo\\\/image\\\/\",\"url\":\"https:\\\/\\\/laserratosa.com\\\/wp-content\\\/uploads\\\/2024\\\/01\\\/Serratosa.png\",\"contentUrl\":\"https:\\\/\\\/laserratosa.com\\\/wp-content\\\/uploads\\\/2024\\\/01\\\/Serratosa.png\",\"width\":355,\"height\":345,\"caption\":\"La Serratosa\"},\"image\":{\"@id\":\"https:\\\/\\\/laserratosa.com\\\/es\\\/#\\\/schema\\\/logo\\\/image\\\/\"}}]}<\/script>\n<!-- \/ Yoast SEO plugin. -->","yoast_head_json":{"title":"Historia y filosof\u00eda sobre m\u00ed | La Serratosa","description":"Soy un fil\u00f3sofo y docente con una vocaci\u00f3n por ayudar. Descubre mi trayectoria personal y profesional, y c\u00f3mo La Serratosa se convirti\u00f3 en mi proyecto de vida.","robots":{"index":"index","follow":"follow","max-snippet":"max-snippet:-1","max-image-preview":"max-image-preview:large","max-video-preview":"max-video-preview:-1"},"canonical":"https:\/\/laserratosa.com\/es\/sobre-mi\/","og_locale":"es_ES","og_type":"article","og_title":"Historia y filosof\u00eda sobre m\u00ed | La Serratosa","og_description":"Soy un fil\u00f3sofo y docente con una vocaci\u00f3n por ayudar. Descubre mi trayectoria personal y profesional, y c\u00f3mo La Serratosa se convirti\u00f3 en mi proyecto de vida.","og_url":"https:\/\/laserratosa.com\/es\/sobre-mi\/","og_site_name":"La Serratosa","article_modified_time":"2025-04-23T12:47:23+00:00","twitter_card":"summary_large_image","twitter_misc":{"Tiempo de lectura":"1 minuto"},"schema":{"@context":"https:\/\/schema.org","@graph":[{"@type":"WebPage","@id":"https:\/\/laserratosa.com\/es\/sobre-mi\/","url":"https:\/\/laserratosa.com\/es\/sobre-mi\/","name":"Historia y filosof\u00eda sobre m\u00ed | La Serratosa","isPartOf":{"@id":"https:\/\/laserratosa.com\/es\/#website"},"datePublished":"2024-01-25T06:11:52+00:00","dateModified":"2025-04-23T12:47:23+00:00","description":"Soy un fil\u00f3sofo y docente con una vocaci\u00f3n por ayudar. Descubre mi trayectoria personal y profesional, y c\u00f3mo La Serratosa se convirti\u00f3 en mi proyecto de vida.","breadcrumb":{"@id":"https:\/\/laserratosa.com\/es\/sobre-mi\/#breadcrumb"},"inLanguage":"es","potentialAction":[{"@type":"ReadAction","target":["https:\/\/laserratosa.com\/es\/sobre-mi\/"]}]},{"@type":"BreadcrumbList","@id":"https:\/\/laserratosa.com\/es\/sobre-mi\/#breadcrumb","itemListElement":[{"@type":"ListItem","position":1,"name":"Home","item":"https:\/\/laserratosa.com\/es\/"},{"@type":"ListItem","position":2,"name":"SOBRE M\u00cd"}]},{"@type":"WebSite","@id":"https:\/\/laserratosa.com\/es\/#website","url":"https:\/\/laserratosa.com\/es\/","name":"La Serratosa","description":"","publisher":{"@id":"https:\/\/laserratosa.com\/es\/#organization"},"potentialAction":[{"@type":"SearchAction","target":{"@type":"EntryPoint","urlTemplate":"https:\/\/laserratosa.com\/es\/?s={search_term_string}"},"query-input":{"@type":"PropertyValueSpecification","valueRequired":true,"valueName":"search_term_string"}}],"inLanguage":"es"},{"@type":"Organization","@id":"https:\/\/laserratosa.com\/es\/#organization","name":"La Serratosa","url":"https:\/\/laserratosa.com\/es\/","logo":{"@type":"ImageObject","inLanguage":"es","@id":"https:\/\/laserratosa.com\/es\/#\/schema\/logo\/image\/","url":"https:\/\/laserratosa.com\/wp-content\/uploads\/2024\/01\/Serratosa.png","contentUrl":"https:\/\/laserratosa.com\/wp-content\/uploads\/2024\/01\/Serratosa.png","width":355,"height":345,"caption":"La Serratosa"},"image":{"@id":"https:\/\/laserratosa.com\/es\/#\/schema\/logo\/image\/"}}]}},"_links":{"self":[{"href":"https:\/\/laserratosa.com\/es\/wp-json\/wp\/v2\/pages\/2232","targetHints":{"allow":["GET"]}}],"collection":[{"href":"https:\/\/laserratosa.com\/es\/wp-json\/wp\/v2\/pages"}],"about":[{"href":"https:\/\/laserratosa.com\/es\/wp-json\/wp\/v2\/types\/page"}],"author":[{"embeddable":true,"href":"https:\/\/laserratosa.com\/es\/wp-json\/wp\/v2\/users\/1"}],"replies":[{"embeddable":true,"href":"https:\/\/laserratosa.com\/es\/wp-json\/wp\/v2\/comments?post=2232"}],"version-history":[{"count":92,"href":"https:\/\/laserratosa.com\/es\/wp-json\/wp\/v2\/pages\/2232\/revisions"}],"predecessor-version":[{"id":4876,"href":"https:\/\/laserratosa.com\/es\/wp-json\/wp\/v2\/pages\/2232\/revisions\/4876"}],"wp:attachment":[{"href":"https:\/\/laserratosa.com\/es\/wp-json\/wp\/v2\/media?parent=2232"}],"curies":[{"name":"wp","href":"https:\/\/api.w.org\/{rel}","templated":true}]}}